{"id":19360,"date":"2020-07-28T06:17:00","date_gmt":"2020-07-28T04:17:00","guid":{"rendered":"https:\/\/rietdairy.nl\/allgemeine-bedingungen-und-konditionen\/"},"modified":"2023-01-24T15:38:53","modified_gmt":"2023-01-24T13:38:53","slug":"allgemeine-bedingungen-und-konditionen","status":"publish","type":"page","link":"https:\/\/rietdairy.nl\/de\/allgemeine-bedingungen-und-konditionen\/","title":{"rendered":"Allgemeine Bedingungen und Konditionen"},"content":{"rendered":"\t\t<div data-elementor-type=\"wp-page\" data-elementor-id=\"19360\" class=\"elementor elementor-19360 elementor-7577\" data-elementor-post-type=\"page\">\n\t\t\t\t\t\t<section data-dce-background-overlay-color=\"#000000\" data-dce-background-image-url=\"https:\/\/rietdairy.nl\/wp-content\/uploads\/2019\/11\/kantoor_004_1920.jpg\" class=\"elementor-section elementor-top-section elementor-element elementor-element-2a1877d elementor-section-height-min-height elementor-section-boxed elementor-section-height-default elementor-section-items-middle\" data-id=\"2a1877d\" data-element_type=\"section\" data-e-type=\"section\" data-settings=\"{&quot;background_background&quot;:&quot;classic&quot;,&quot;background_motion_fx_motion_fx_scrolling&quot;:&quot;yes&quot;,&quot;background_motion_fx_translateY_effect&quot;:&quot;yes&quot;,&quot;jet_parallax_layout_list&quot;:[{&quot;jet_parallax_layout_image&quot;:{&quot;url&quot;:&quot;&quot;,&quot;id&quot;:&quot;&quot;,&quot;size&quot;:&quot;&quot;},&quot;_id&quot;:&quot;e3c3a31&quot;,&quot;jet_parallax_layout_image_tablet&quot;:{&quot;url&quot;:&quot;&quot;,&quot;id&quot;:&quot;&quot;,&quot;size&quot;:&quot;&quot;},&quot;jet_parallax_layout_image_mobile&quot;:{&quot;url&quot;:&quot;&quot;,&quot;id&quot;:&quot;&quot;,&quot;size&quot;:&quot;&quot;},&quot;jet_parallax_layout_speed&quot;:{&quot;unit&quot;:&quot;%&quot;,&quot;size&quot;:50,&quot;sizes&quot;:[]},&quot;jet_parallax_layout_type&quot;:&quot;scroll&quot;,&quot;jet_parallax_layout_direction&quot;:&quot;1&quot;,&quot;jet_parallax_layout_fx_direction&quot;:null,&quot;jet_parallax_layout_z_index&quot;:&quot;&quot;,&quot;jet_parallax_layout_bg_x&quot;:50,&quot;jet_parallax_layout_bg_x_tablet&quot;:&quot;&quot;,&quot;jet_parallax_layout_bg_x_mobile&quot;:&quot;&quot;,&quot;jet_parallax_layout_bg_y&quot;:50,&quot;jet_parallax_layout_bg_y_tablet&quot;:&quot;&quot;,&quot;jet_parallax_layout_bg_y_mobile&quot;:&quot;&quot;,&quot;jet_parallax_layout_bg_size&quot;:&quot;auto&quot;,&quot;jet_parallax_layout_bg_size_tablet&quot;:&quot;&quot;,&quot;jet_parallax_layout_bg_size_mobile&quot;:&quot;&quot;,&quot;jet_parallax_layout_animation_prop&quot;:&quot;transform&quot;,&quot;jet_parallax_layout_on&quot;:[&quot;desktop&quot;,&quot;tablet&quot;]}],&quot;background_motion_fx_translateY_speed&quot;:{&quot;unit&quot;:&quot;px&quot;,&quot;size&quot;:4,&quot;sizes&quot;:[]},&quot;background_motion_fx_translateY_affectedRange&quot;:{&quot;unit&quot;:&quot;%&quot;,&quot;size&quot;:&quot;&quot;,&quot;sizes&quot;:{&quot;start&quot;:0,&quot;end&quot;:100}},&quot;background_motion_fx_devices&quot;:[&quot;desktop&quot;,&quot;tablet&quot;,&quot;mobile&quot;]}\">\n\t\t\t\t\t\t\t<div class=\"elementor-background-overlay\"><\/div>\n\t\t\t\t\t\t\t<div class=\"elementor-container elementor-column-gap-default\">\n\t\t\t\t\t<div class=\"elementor-column elementor-col-100 elementor-top-column elementor-element elementor-element-7b9aa5e\" data-id=\"7b9aa5e\" data-element_type=\"column\" data-e-type=\"column\">\n\t\t\t<div class=\"elementor-widget-wrap elementor-element-populated\">\n\t\t\t\t\t\t<div data-dce-title-color=\"#ffffff\" class=\"elementor-element elementor-element-7fcb590 elementor-widget elementor-widget-heading\" data-id=\"7fcb590\" data-element_type=\"widget\" data-e-type=\"widget\" data-widget_type=\"heading.default\">\n\t\t\t\t<div class=\"elementor-widget-container\">\n\t\t\t\t\t<h1 class=\"elementor-heading-title elementor-size-default\">BEDINGUNGEN UND KONDITIONEN<\/h1>\t\t\t\t<\/div>\n\t\t\t\t<\/div>\n\t\t\t\t\t<\/div>\n\t\t<\/div>\n\t\t\t\t\t<\/div>\n\t\t<\/section>\n\t\t\t\t<section data-dce-background-color=\"#ffffff\" class=\"elementor-section elementor-top-section elementor-element elementor-element-ad2d3a9 elementor-section-stretched elementor-section-boxed elementor-section-height-default elementor-section-height-default\" data-id=\"ad2d3a9\" data-element_type=\"section\" data-e-type=\"section\" data-settings=\"{&quot;stretch_section&quot;:&quot;section-stretched&quot;,&quot;background_background&quot;:&quot;classic&quot;,&quot;jet_parallax_layout_list&quot;:[{&quot;_id&quot;:&quot;c10f3c6&quot;,&quot;jet_parallax_layout_image&quot;:{&quot;url&quot;:&quot;&quot;,&quot;id&quot;:&quot;&quot;,&quot;size&quot;:&quot;&quot;},&quot;jet_parallax_layout_image_tablet&quot;:{&quot;url&quot;:&quot;&quot;,&quot;id&quot;:&quot;&quot;,&quot;size&quot;:&quot;&quot;},&quot;jet_parallax_layout_image_mobile&quot;:{&quot;url&quot;:&quot;&quot;,&quot;id&quot;:&quot;&quot;,&quot;size&quot;:&quot;&quot;},&quot;jet_parallax_layout_speed&quot;:{&quot;unit&quot;:&quot;%&quot;,&quot;size&quot;:50,&quot;sizes&quot;:[]},&quot;jet_parallax_layout_type&quot;:&quot;scroll&quot;,&quot;jet_parallax_layout_direction&quot;:&quot;1&quot;,&quot;jet_parallax_layout_fx_direction&quot;:null,&quot;jet_parallax_layout_z_index&quot;:&quot;&quot;,&quot;jet_parallax_layout_bg_x&quot;:50,&quot;jet_parallax_layout_bg_x_tablet&quot;:&quot;&quot;,&quot;jet_parallax_layout_bg_x_mobile&quot;:&quot;&quot;,&quot;jet_parallax_layout_bg_y&quot;:50,&quot;jet_parallax_layout_bg_y_tablet&quot;:&quot;&quot;,&quot;jet_parallax_layout_bg_y_mobile&quot;:&quot;&quot;,&quot;jet_parallax_layout_bg_size&quot;:&quot;auto&quot;,&quot;jet_parallax_layout_bg_size_tablet&quot;:&quot;&quot;,&quot;jet_parallax_layout_bg_size_mobile&quot;:&quot;&quot;,&quot;jet_parallax_layout_animation_prop&quot;:&quot;transform&quot;,&quot;jet_parallax_layout_on&quot;:[&quot;desktop&quot;,&quot;tablet&quot;]}]}\">\n\t\t\t\t\t\t\t<div class=\"elementor-background-overlay\"><\/div>\n\t\t\t\t\t\t\t<div class=\"elementor-container elementor-column-gap-default\">\n\t\t\t\t\t<div class=\"elementor-column elementor-col-100 elementor-top-column elementor-element elementor-element-6a63747\" data-id=\"6a63747\" data-element_type=\"column\" data-e-type=\"column\">\n\t\t\t<div class=\"elementor-widget-wrap elementor-element-populated\">\n\t\t\t\t\t\t<div class=\"elementor-element elementor-element-4be1cbe elementor-widget elementor-widget-heading\" data-id=\"4be1cbe\" data-element_type=\"widget\" data-e-type=\"widget\" data-widget_type=\"heading.default\">\n\t\t\t\t<div class=\"elementor-widget-container\">\n\t\t\t\t\t<h2 class=\"elementor-heading-title elementor-size-default\">Allgemeine Bedingungen und Konditionen<\/h2>\t\t\t\t<\/div>\n\t\t\t\t<\/div>\n\t\t\t\t<div class=\"elementor-element elementor-element-1de2c3a elementor-widget elementor-widget-text-editor\" data-id=\"1de2c3a\" data-element_type=\"widget\" data-e-type=\"widget\" data-widget_type=\"text-editor.default\">\n\t\t\t\t<div class=\"elementor-widget-container\">\n\t\t\t\t\t\t\t\t\t<p>Hier finden Sie die aktuellste Version der <a href=\"https:\/\/rietdairy.nl\/wp-content\/uploads\/Metaalunievoorwaarden-2019-Duits.pdf\" target=\"_blank\" rel=\"noopener\">Metaalunie-Bedingungen vom 1. Januar 2019<\/a>.<br \/>Diese gelten f\u00fcr unsere Angebote, die uns erteilten Auftr\u00e4ge und die mit uns geschlossenen Vertr\u00e4ge.<\/p>\t\t\t\t\t\t\t\t<\/div>\n\t\t\t\t<\/div>\n\t\t\t\t\t<\/div>\n\t\t<\/div>\n\t\t\t\t\t<\/div>\n\t\t<\/section>\n\t\t\t\t<\/div>\n\t\t","protected":false},"excerpt":{"rendered":"<p>BEDINGUNGEN UND KONDITIONEN Allgemeine Bedingungen und Konditionen Hier finden Sie die aktuellste Version der Metaalunie-Bedingungen vom 1. Januar 2019.Diese gelten f\u00fcr unsere Angebote, die uns erteilten Auftr\u00e4ge und die mit uns geschlossenen Vertr\u00e4ge.<\/p>\n","protected":false},"author":4,"featured_media":0,"parent":0,"menu_order":18,"comment_status":"closed","ping_status":"closed","template":"","meta":{"_acf_changed":false,"xn-wppe-expiration":[],"xn-wppe-expiration-action":[],"xn-wppe-expiration-prefix":[],"footnotes":""},"class_list":["post-19360","page","type-page","status-publish","hentry"],"acf":[],"yoast_head":"<!-- This site is optimized with the Yoast SEO plugin v27.0 - https:\/\/yoast.com\/product\/yoast-seo-wordpress\/ -->\n<title>Allgemeine Bedingungen und Konditionen &#187; C. van &#039;t Riet<\/title>\n<meta name=\"robots\" content=\"index, follow, max-snippet:-1, max-image-preview:large, max-video-preview:-1\" \/>\n<link rel=\"canonical\" href=\"https:\/\/rietdairy.nl\/de\/allgemeine-bedingungen-und-konditionen\/\" \/>\n<meta property=\"og:locale\" content=\"de_DE\" \/>\n<meta property=\"og:type\" content=\"article\" \/>\n<meta property=\"og:title\" content=\"Allgemeine Bedingungen und Konditionen &#187; C. van &#039;t Riet\" \/>\n<meta property=\"og:description\" content=\"BEDINGUNGEN UND KONDITIONEN Allgemeine Bedingungen und Konditionen Hier finden Sie die aktuellste Version der Metaalunie-Bedingungen vom 1. Januar 2019.Diese gelten f\u00fcr unsere Angebote, die uns erteilten Auftr\u00e4ge und die mit uns geschlossenen Vertr\u00e4ge.\" \/>\n<meta property=\"og:url\" content=\"https:\/\/rietdairy.nl\/de\/allgemeine-bedingungen-und-konditionen\/\" \/>\n<meta property=\"og:site_name\" content=\"C. van &#039;t Riet\" \/>\n<meta property=\"article:publisher\" content=\"https:\/\/www.facebook.com\/RietdairyNL\" \/>\n<meta property=\"article:modified_time\" content=\"2023-01-24T13:38:53+00:00\" \/>\n<meta property=\"og:image\" content=\"https:\/\/rietdairy.nl\/wp-content\/uploads\/CvR-SEO-logo_Tekengebied-1-1.jpg\" \/>\n\t<meta property=\"og:image:width\" content=\"1500\" \/>\n\t<meta property=\"og:image:height\" content=\"675\" \/>\n\t<meta property=\"og:image:type\" content=\"image\/jpeg\" \/>\n<meta name=\"twitter:card\" content=\"summary_large_image\" \/>\n<meta name=\"twitter:label1\" content=\"Gesch\u00e4tzte Lesezeit\" \/>\n\t<meta name=\"twitter:data1\" content=\"1\u00a0Minute\" \/>\n<script type=\"application\/ld+json\" class=\"yoast-schema-graph\">{\"@context\":\"https:\/\/schema.org\",\"@graph\":[{\"@type\":\"WebPage\",\"@id\":\"https:\/\/rietdairy.nl\/de\/allgemeine-bedingungen-und-konditionen\/\",\"url\":\"https:\/\/rietdairy.nl\/de\/allgemeine-bedingungen-und-konditionen\/\",\"name\":\"Allgemeine Bedingungen und Konditionen &#187; C. van &#039;t Riet\",\"isPartOf\":{\"@id\":\"https:\/\/rietdairy.nl\/de\/#website\"},\"datePublished\":\"2020-07-28T04:17:00+00:00\",\"dateModified\":\"2023-01-24T13:38:53+00:00\",\"breadcrumb\":{\"@id\":\"https:\/\/rietdairy.nl\/de\/allgemeine-bedingungen-und-konditionen\/#breadcrumb\"},\"inLanguage\":\"de\",\"potentialAction\":[{\"@type\":\"ReadAction\",\"target\":[\"https:\/\/rietdairy.nl\/de\/allgemeine-bedingungen-und-konditionen\/\"]}]},{\"@type\":\"BreadcrumbList\",\"@id\":\"https:\/\/rietdairy.nl\/de\/allgemeine-bedingungen-und-konditionen\/#breadcrumb\",\"itemListElement\":[{\"@type\":\"ListItem\",\"position\":1,\"name\":\"Home\",\"item\":\"https:\/\/rietdairy.nl\/de\/homepage\/\"},{\"@type\":\"ListItem\",\"position\":2,\"name\":\"Allgemeine Bedingungen und Konditionen\"}]},{\"@type\":\"WebSite\",\"@id\":\"https:\/\/rietdairy.nl\/de\/#website\",\"url\":\"https:\/\/rietdairy.nl\/de\/\",\"name\":\"C. van 't Riet\",\"description\":\"\",\"publisher\":{\"@id\":\"https:\/\/rietdairy.nl\/de\/#organization\"},\"alternateName\":\"Zuivel technologie\",\"potentialAction\":[{\"@type\":\"SearchAction\",\"target\":{\"@type\":\"EntryPoint\",\"urlTemplate\":\"https:\/\/rietdairy.nl\/de\/?s={search_term_string}\"},\"query-input\":{\"@type\":\"PropertyValueSpecification\",\"valueRequired\":true,\"valueName\":\"search_term_string\"}}],\"inLanguage\":\"de\"},{\"@type\":\"Organization\",\"@id\":\"https:\/\/rietdairy.nl\/de\/#organization\",\"name\":\"C. van 't Riet\",\"alternateName\":\"Zuivel Apparatuur\",\"url\":\"https:\/\/rietdairy.nl\/de\/\",\"logo\":{\"@type\":\"ImageObject\",\"inLanguage\":\"de\",\"@id\":\"https:\/\/rietdairy.nl\/de\/#\/schema\/logo\/image\/\",\"url\":\"https:\/\/rietdairy.nl\/wp-content\/uploads\/CvR-SEO-logo_Tekengebied-1-1.jpg\",\"contentUrl\":\"https:\/\/rietdairy.nl\/wp-content\/uploads\/CvR-SEO-logo_Tekengebied-1-1.jpg\",\"width\":1500,\"height\":675,\"caption\":\"C. van 't Riet\"},\"image\":{\"@id\":\"https:\/\/rietdairy.nl\/de\/#\/schema\/logo\/image\/\"},\"sameAs\":[\"https:\/\/www.facebook.com\/RietdairyNL\",\"https:\/\/www.instagram.com\/rietdairy\/\",\"https:\/\/www.facebook.com\/profile.php?id=61555743223975\",\"https:\/\/www.linkedin.com\/company\/c.-van-'t-riet-zuiveltechnologie-b.v.\"]}]}<\/script>\n<!-- \/ Yoast SEO plugin. -->","yoast_head_json":{"title":"Allgemeine Bedingungen und Konditionen &#187; C. van &#039;t Riet","robots":{"index":"index","follow":"follow","max-snippet":"max-snippet:-1","max-image-preview":"max-image-preview:large","max-video-preview":"max-video-preview:-1"},"canonical":"https:\/\/rietdairy.nl\/de\/allgemeine-bedingungen-und-konditionen\/","og_locale":"de_DE","og_type":"article","og_title":"Allgemeine Bedingungen und Konditionen &#187; C. van &#039;t Riet","og_description":"BEDINGUNGEN UND KONDITIONEN Allgemeine Bedingungen und Konditionen Hier finden Sie die aktuellste Version der Metaalunie-Bedingungen vom 1. Januar 2019.Diese gelten f\u00fcr unsere Angebote, die uns erteilten Auftr\u00e4ge und die mit uns geschlossenen Vertr\u00e4ge.","og_url":"https:\/\/rietdairy.nl\/de\/allgemeine-bedingungen-und-konditionen\/","og_site_name":"C. van &#039;t Riet","article_publisher":"https:\/\/www.facebook.com\/RietdairyNL","article_modified_time":"2023-01-24T13:38:53+00:00","og_image":[{"width":1500,"height":675,"url":"https:\/\/rietdairy.nl\/wp-content\/uploads\/CvR-SEO-logo_Tekengebied-1-1.jpg","type":"image\/jpeg"}],"twitter_card":"summary_large_image","twitter_misc":{"Gesch\u00e4tzte Lesezeit":"1\u00a0Minute"},"schema":{"@context":"https:\/\/schema.org","@graph":[{"@type":"WebPage","@id":"https:\/\/rietdairy.nl\/de\/allgemeine-bedingungen-und-konditionen\/","url":"https:\/\/rietdairy.nl\/de\/allgemeine-bedingungen-und-konditionen\/","name":"Allgemeine Bedingungen und Konditionen &#187; C. van &#039;t Riet","isPartOf":{"@id":"https:\/\/rietdairy.nl\/de\/#website"},"datePublished":"2020-07-28T04:17:00+00:00","dateModified":"2023-01-24T13:38:53+00:00","breadcrumb":{"@id":"https:\/\/rietdairy.nl\/de\/allgemeine-bedingungen-und-konditionen\/#breadcrumb"},"inLanguage":"de","potentialAction":[{"@type":"ReadAction","target":["https:\/\/rietdairy.nl\/de\/allgemeine-bedingungen-und-konditionen\/"]}]},{"@type":"BreadcrumbList","@id":"https:\/\/rietdairy.nl\/de\/allgemeine-bedingungen-und-konditionen\/#breadcrumb","itemListElement":[{"@type":"ListItem","position":1,"name":"Home","item":"https:\/\/rietdairy.nl\/de\/homepage\/"},{"@type":"ListItem","position":2,"name":"Allgemeine Bedingungen und Konditionen"}]},{"@type":"WebSite","@id":"https:\/\/rietdairy.nl\/de\/#website","url":"https:\/\/rietdairy.nl\/de\/","name":"C. van 't Riet","description":"","publisher":{"@id":"https:\/\/rietdairy.nl\/de\/#organization"},"alternateName":"Zuivel technologie","potentialAction":[{"@type":"SearchAction","target":{"@type":"EntryPoint","urlTemplate":"https:\/\/rietdairy.nl\/de\/?s={search_term_string}"},"query-input":{"@type":"PropertyValueSpecification","valueRequired":true,"valueName":"search_term_string"}}],"inLanguage":"de"},{"@type":"Organization","@id":"https:\/\/rietdairy.nl\/de\/#organization","name":"C. van 't Riet","alternateName":"Zuivel Apparatuur","url":"https:\/\/rietdairy.nl\/de\/","logo":{"@type":"ImageObject","inLanguage":"de","@id":"https:\/\/rietdairy.nl\/de\/#\/schema\/logo\/image\/","url":"https:\/\/rietdairy.nl\/wp-content\/uploads\/CvR-SEO-logo_Tekengebied-1-1.jpg","contentUrl":"https:\/\/rietdairy.nl\/wp-content\/uploads\/CvR-SEO-logo_Tekengebied-1-1.jpg","width":1500,"height":675,"caption":"C. van 't Riet"},"image":{"@id":"https:\/\/rietdairy.nl\/de\/#\/schema\/logo\/image\/"},"sameAs":["https:\/\/www.facebook.com\/RietdairyNL","https:\/\/www.instagram.com\/rietdairy\/","https:\/\/www.facebook.com\/profile.php?id=61555743223975","https:\/\/www.linkedin.com\/company\/c.-van-'t-riet-zuiveltechnologie-b.v."]}]}},"_links":{"self":[{"href":"https:\/\/rietdairy.nl\/de\/wp-json\/wp\/v2\/pages\/19360","targetHints":{"allow":["GET"]}}],"collection":[{"href":"https:\/\/rietdairy.nl\/de\/wp-json\/wp\/v2\/pages"}],"about":[{"href":"https:\/\/rietdairy.nl\/de\/wp-json\/wp\/v2\/types\/page"}],"author":[{"embeddable":true,"href":"https:\/\/rietdairy.nl\/de\/wp-json\/wp\/v2\/users\/4"}],"replies":[{"embeddable":true,"href":"https:\/\/rietdairy.nl\/de\/wp-json\/wp\/v2\/comments?post=19360"}],"version-history":[{"count":0,"href":"https:\/\/rietdairy.nl\/de\/wp-json\/wp\/v2\/pages\/19360\/revisions"}],"wp:attachment":[{"href":"https:\/\/rietdairy.nl\/de\/wp-json\/wp\/v2\/media?parent=19360"}],"curies":[{"name":"wp","href":"https:\/\/api.w.org\/{rel}","templated":true}]}}